{"id":137,"date":"2020-10-22T13:28:55","date_gmt":"2020-10-22T13:28:55","guid":{"rendered":"http:\/\/saliena.test\/?page_id=137"},"modified":"2022-10-10T06:40:23","modified_gmt":"2022-10-10T06:40:23","slug":"contact-saliena","status":"publish","type":"page","link":"https:\/\/dev.saliena.eu\/lv\/contact-saliena\/","title":{"rendered":"Sazin\u0101ties"},"content":{"rendered":"<p>M\u0113s alla\u017e priec\u0101simies atbild\u0113t uz visiem j\u016bs interes\u0113jo\u0161ajiem jaut\u0101jumiem un sniegt papildus inform\u0101ciju<\/p>\n","protected":false},"excerpt":{"rendered":"<p>M\u0113s alla\u017e priec\u0101simies atbild\u0113t uz visiem j\u016bs interes\u0113jo\u0161ajiem jaut\u0101jumiem un sniegt papildus inform\u0101ciju<\/p>\n","protected":false},"author":1,"featured_media":218,"parent":0,"menu_order":0,"comment_status":"closed","ping_status":"closed","template":"page-templates\/contact-us.php","meta":{"_acf_changed":false,"inline_featured_image":false,"footnotes":""},"class_list":["post-137","page","type-page","status-publish","has-post-thumbnail","hentry"],"acf":[],"yoast_head":"<!-- This site is optimized with the Yoast SEO plugin v25.1 - https:\/\/yoast.com\/wordpress\/plugins\/seo\/ -->\n<title>Sazin\u0101ties I Saliena<\/title>\n<meta name=\"description\" content=\"Contact Saliena to discuss your villa rental or apartment purchase. We\u2019re happy to answer your questions &amp; provide further information.\" \/>\n<meta name=\"robots\" content=\"index, follow, max-snippet:-1, max-image-preview:large, max-video-preview:-1\" \/>\n<link rel=\"canonical\" href=\"https:\/\/www.saliena.eu\/ru\/contact-saliena\/\" \/>\n<meta property=\"og:locale\" content=\"lv_LV\" \/>\n<meta property=\"og:type\" content=\"article\" \/>\n<meta property=\"og:title\" content=\"Sazin\u0101ties I Saliena\" \/>\n<meta property=\"og:description\" content=\"Contact Saliena to discuss your villa rental or apartment purchase. We\u2019re happy to answer your questions &amp; provide further information.\" \/>\n<meta property=\"og:url\" content=\"https:\/\/www.saliena.eu\/ru\/contact-saliena\/\" \/>\n<meta property=\"og:site_name\" content=\"Saliena\" \/>\n<meta property=\"article:modified_time\" content=\"2022-10-10T06:40:23+00:00\" \/>\n<meta property=\"og:image\" content=\"https:\/\/www.saliena.eu\/wp-content\/uploads\/2020\/10\/Layer-395.jpg\" \/>\n\t<meta property=\"og:image:width\" content=\"869\" \/>\n\t<meta property=\"og:image:height\" content=\"321\" \/>\n\t<meta property=\"og:image:type\" content=\"image\/jpeg\" \/>\n<meta name=\"twitter:card\" content=\"summary_large_image\" \/>\n<meta name=\"twitter:label1\" content=\"Est. reading time\" \/>\n\t<meta name=\"twitter:data1\" content=\"1 min\u016bte\" \/>\n<script type=\"application\/ld+json\" class=\"yoast-schema-graph\">{\"@context\":\"https:\/\/schema.org\",\"@graph\":[{\"@type\":\"WebPage\",\"@id\":\"https:\/\/www.saliena.eu\/ru\/contact-saliena\/\",\"url\":\"https:\/\/www.saliena.eu\/ru\/contact-saliena\/\",\"name\":\"[:en]Contact Saliena[:lv]Sazin\u0101ties I Saliena[:ru]\u041a\u043e\u043d\u0442\u0430\u043a\u0442\u044b | Saliena[:]\",\"isPartOf\":{\"@id\":\"https:\/\/www.saliena.eu\/#website\"},\"primaryImageOfPage\":{\"@id\":\"https:\/\/www.saliena.eu\/ru\/contact-saliena\/#primaryimage\"},\"image\":{\"@id\":\"https:\/\/www.saliena.eu\/ru\/contact-saliena\/#primaryimage\"},\"thumbnailUrl\":\"https:\/\/dev.saliena.eu\/wp-content\/uploads\/2020\/10\/Layer-395.jpg\",\"datePublished\":\"2020-10-22T13:28:55+00:00\",\"dateModified\":\"2022-10-10T06:40:23+00:00\",\"description\":\"[:en]Contact Saliena to discuss your villa rental or apartment purchase. We\u2019re happy to answer your questions & provide further information.[:ru]\u0421\u0432\u044f\u0436\u0438\u0442\u0435\u0441\u044c \u0441 Saliena, \u0447\u0442\u043e\u0431\u044b \u043e\u0431\u0441\u0443\u0434\u0438\u0442\u044c \u0430\u0440\u0435\u043d\u0434\u0443 \u0432\u0438\u043b\u043b\u044b \u0438\u043b\u0438 \u043f\u043e\u043a\u0443\u043f\u043a\u0443 \u043a\u0432\u0430\u0440\u0442\u0438\u0440\u044b. \u041c\u044b \u0431\u0443\u0434\u0435\u043c \u0440\u0430\u0434\u044b \u043e\u0442\u0432\u0435\u0442\u0438\u0442\u044c \u043d\u0430 \u0432\u0430\u0448\u0438 \u0432\u043e\u043f\u0440\u043e\u0441\u044b \u0438 \u043f\u0440\u0435\u0434\u043e\u0441\u0442\u0430\u0432\u0438\u0442\u044c \u0434\u043e\u043f\u043e\u043b\u043d\u0438\u0442\u0435\u043b\u044c\u043d\u0443\u044e \u0438\u043d\u0444\u043e\u0440\u043c\u0430\u0446\u0438\u044e.[:]\",\"breadcrumb\":{\"@id\":\"https:\/\/www.saliena.eu\/ru\/contact-saliena\/#breadcrumb\"},\"inLanguage\":\"lv\",\"potentialAction\":[{\"@type\":\"ReadAction\",\"target\":[\"https:\/\/www.saliena.eu\/ru\/contact-saliena\/\"]}]},{\"@type\":\"ImageObject\",\"inLanguage\":\"lv\",\"@id\":\"https:\/\/www.saliena.eu\/ru\/contact-saliena\/#primaryimage\",\"url\":\"https:\/\/dev.saliena.eu\/wp-content\/uploads\/2020\/10\/Layer-395.jpg\",\"contentUrl\":\"https:\/\/dev.saliena.eu\/wp-content\/uploads\/2020\/10\/Layer-395.jpg\",\"width\":869,\"height\":321,\"caption\":\"Contact Saliena Parks Property Developments in Latvia\"},{\"@type\":\"BreadcrumbList\",\"@id\":\"https:\/\/www.saliena.eu\/ru\/contact-saliena\/#breadcrumb\",\"itemListElement\":[{\"@type\":\"ListItem\",\"position\":1,\"name\":\"Home\",\"item\":\"https:\/\/www.saliena.eu\/ru\/\"},{\"@type\":\"ListItem\",\"position\":2,\"name\":\"\u0421\u0432\u044f\u0437\u0430\u0442\u044c\u0441\u044f \u0441 Saliena\"}]},{\"@type\":\"WebSite\",\"@id\":\"https:\/\/www.saliena.eu\/#website\",\"url\":\"https:\/\/www.saliena.eu\/\",\"name\":\"Saliena\",\"description\":\"Villa & Apartment Purchases & Rentals in Saliena, Latvia\",\"potentialAction\":[{\"@type\":\"SearchAction\",\"target\":{\"@type\":\"EntryPoint\",\"urlTemplate\":\"https:\/\/www.saliena.eu\/?s={search_term_string}\"},\"query-input\":{\"@type\":\"PropertyValueSpecification\",\"valueRequired\":true,\"valueName\":\"search_term_string\"}}],\"inLanguage\":\"lv\"}]}<\/script>\n<!-- \/ Yoast SEO plugin. -->","yoast_head_json":{"title":"Sazin\u0101ties I Saliena","description":"Contact Saliena to discuss your villa rental or apartment purchase. We\u2019re happy to answer your questions & provide further information.","robots":{"index":"index","follow":"follow","max-snippet":"max-snippet:-1","max-image-preview":"max-image-preview:large","max-video-preview":"max-video-preview:-1"},"canonical":"https:\/\/www.saliena.eu\/ru\/contact-saliena\/","og_locale":"lv_LV","og_type":"article","og_title":"[:en]Contact Saliena[:lv]Sazin\u0101ties I Saliena[:ru]\u041a\u043e\u043d\u0442\u0430\u043a\u0442\u044b | Saliena[:]","og_description":"[:en]Contact Saliena to discuss your villa rental or apartment purchase. We\u2019re happy to answer your questions & provide further information.[:ru]\u0421\u0432\u044f\u0436\u0438\u0442\u0435\u0441\u044c \u0441 Saliena, \u0447\u0442\u043e\u0431\u044b \u043e\u0431\u0441\u0443\u0434\u0438\u0442\u044c \u0430\u0440\u0435\u043d\u0434\u0443 \u0432\u0438\u043b\u043b\u044b \u0438\u043b\u0438 \u043f\u043e\u043a\u0443\u043f\u043a\u0443 \u043a\u0432\u0430\u0440\u0442\u0438\u0440\u044b. \u041c\u044b \u0431\u0443\u0434\u0435\u043c \u0440\u0430\u0434\u044b \u043e\u0442\u0432\u0435\u0442\u0438\u0442\u044c \u043d\u0430 \u0432\u0430\u0448\u0438 \u0432\u043e\u043f\u0440\u043e\u0441\u044b \u0438 \u043f\u0440\u0435\u0434\u043e\u0441\u0442\u0430\u0432\u0438\u0442\u044c \u0434\u043e\u043f\u043e\u043b\u043d\u0438\u0442\u0435\u043b\u044c\u043d\u0443\u044e \u0438\u043d\u0444\u043e\u0440\u043c\u0430\u0446\u0438\u044e.[:]","og_url":"https:\/\/www.saliena.eu\/ru\/contact-saliena\/","og_site_name":"Saliena","article_modified_time":"2022-10-10T06:40:23+00:00","og_image":[{"width":869,"height":321,"url":"https:\/\/www.saliena.eu\/wp-content\/uploads\/2020\/10\/Layer-395.jpg","type":"image\/jpeg"}],"twitter_card":"summary_large_image","twitter_misc":{"Est. reading time":"1 min\u016bte"},"schema":{"@context":"https:\/\/schema.org","@graph":[{"@type":"WebPage","@id":"https:\/\/www.saliena.eu\/ru\/contact-saliena\/","url":"https:\/\/www.saliena.eu\/ru\/contact-saliena\/","name":"[:en]Contact Saliena[:lv]Sazin\u0101ties I Saliena[:ru]\u041a\u043e\u043d\u0442\u0430\u043a\u0442\u044b | Saliena[:]","isPartOf":{"@id":"https:\/\/www.saliena.eu\/#website"},"primaryImageOfPage":{"@id":"https:\/\/www.saliena.eu\/ru\/contact-saliena\/#primaryimage"},"image":{"@id":"https:\/\/www.saliena.eu\/ru\/contact-saliena\/#primaryimage"},"thumbnailUrl":"https:\/\/dev.saliena.eu\/wp-content\/uploads\/2020\/10\/Layer-395.jpg","datePublished":"2020-10-22T13:28:55+00:00","dateModified":"2022-10-10T06:40:23+00:00","description":"[:en]Contact Saliena to discuss your villa rental or apartment purchase. We\u2019re happy to answer your questions & provide further information.[:ru]\u0421\u0432\u044f\u0436\u0438\u0442\u0435\u0441\u044c \u0441 Saliena, \u0447\u0442\u043e\u0431\u044b \u043e\u0431\u0441\u0443\u0434\u0438\u0442\u044c \u0430\u0440\u0435\u043d\u0434\u0443 \u0432\u0438\u043b\u043b\u044b \u0438\u043b\u0438 \u043f\u043e\u043a\u0443\u043f\u043a\u0443 \u043a\u0432\u0430\u0440\u0442\u0438\u0440\u044b. \u041c\u044b \u0431\u0443\u0434\u0435\u043c \u0440\u0430\u0434\u044b \u043e\u0442\u0432\u0435\u0442\u0438\u0442\u044c \u043d\u0430 \u0432\u0430\u0448\u0438 \u0432\u043e\u043f\u0440\u043e\u0441\u044b \u0438 \u043f\u0440\u0435\u0434\u043e\u0441\u0442\u0430\u0432\u0438\u0442\u044c \u0434\u043e\u043f\u043e\u043b\u043d\u0438\u0442\u0435\u043b\u044c\u043d\u0443\u044e \u0438\u043d\u0444\u043e\u0440\u043c\u0430\u0446\u0438\u044e.[:]","breadcrumb":{"@id":"https:\/\/www.saliena.eu\/ru\/contact-saliena\/#breadcrumb"},"inLanguage":"lv","potentialAction":[{"@type":"ReadAction","target":["https:\/\/www.saliena.eu\/ru\/contact-saliena\/"]}]},{"@type":"ImageObject","inLanguage":"lv","@id":"https:\/\/www.saliena.eu\/ru\/contact-saliena\/#primaryimage","url":"https:\/\/dev.saliena.eu\/wp-content\/uploads\/2020\/10\/Layer-395.jpg","contentUrl":"https:\/\/dev.saliena.eu\/wp-content\/uploads\/2020\/10\/Layer-395.jpg","width":869,"height":321,"caption":"Contact Saliena Parks Property Developments in Latvia"},{"@type":"BreadcrumbList","@id":"https:\/\/www.saliena.eu\/ru\/contact-saliena\/#breadcrumb","itemListElement":[{"@type":"ListItem","position":1,"name":"Home","item":"https:\/\/www.saliena.eu\/ru\/"},{"@type":"ListItem","position":2,"name":"\u0421\u0432\u044f\u0437\u0430\u0442\u044c\u0441\u044f \u0441 Saliena"}]},{"@type":"WebSite","@id":"https:\/\/www.saliena.eu\/#website","url":"https:\/\/www.saliena.eu\/","name":"Saliena","description":"Villa & Apartment Purchases & Rentals in Saliena, Latvia","potentialAction":[{"@type":"SearchAction","target":{"@type":"EntryPoint","urlTemplate":"https:\/\/www.saliena.eu\/?s={search_term_string}"},"query-input":{"@type":"PropertyValueSpecification","valueRequired":true,"valueName":"search_term_string"}}],"inLanguage":"lv"}]}},"_links":{"self":[{"href":"https:\/\/dev.saliena.eu\/lv\/wp-json\/wp\/v2\/pages\/137","targetHints":{"allow":["GET"]}}],"collection":[{"href":"https:\/\/dev.saliena.eu\/lv\/wp-json\/wp\/v2\/pages"}],"about":[{"href":"https:\/\/dev.saliena.eu\/lv\/wp-json\/wp\/v2\/types\/page"}],"author":[{"embeddable":true,"href":"https:\/\/dev.saliena.eu\/lv\/wp-json\/wp\/v2\/users\/1"}],"replies":[{"embeddable":true,"href":"https:\/\/dev.saliena.eu\/lv\/wp-json\/wp\/v2\/comments?post=137"}],"version-history":[{"count":69,"href":"https:\/\/dev.saliena.eu\/lv\/wp-json\/wp\/v2\/pages\/137\/revisions"}],"predecessor-version":[{"id":2666,"href":"https:\/\/dev.saliena.eu\/lv\/wp-json\/wp\/v2\/pages\/137\/revisions\/2666"}],"wp:featuredmedia":[{"embeddable":true,"href":"https:\/\/dev.saliena.eu\/lv\/wp-json\/wp\/v2\/media\/218"}],"wp:attachment":[{"href":"https:\/\/dev.saliena.eu\/lv\/wp-json\/wp\/v2\/media?parent=137"}],"curies":[{"name":"wp","href":"https:\/\/api.w.org\/{rel}","templated":true}]}}