{"id":193,"date":"2020-10-23T11:33:01","date_gmt":"2020-10-23T11:33:01","guid":{"rendered":"http:\/\/saliena.test\/?page_id=193"},"modified":"2021-04-14T11:26:22","modified_gmt":"2021-04-14T11:26:22","slug":"terms-and-conditions","status":"publish","type":"page","link":"https:\/\/dev.saliena.eu\/lv\/terms-and-conditions\/","title":{"rendered":"Noteikumi"},"content":{"rendered":"<h2>M\u0101jas lapas  lieto\u0161anas noteikumi<\/h2>\n<p>\u0160\u012b m\u0101jas lapa tiek p\u0101rvald\u012bta un ir Saliena SIA \u012bpa\u0161ums (re\u0123istr\u0113ta Latvij\u0101 ar re\u0123.nr. 40203032871) tirg\u016b paz\u012bstama ar z\u012bmolu Saliena.<\/p>\n<p>Ja j\u016bs izmantojat \u0161o m\u0101jas lapu, j\u016bs piekr\u012btat \u0161eit nor\u0101d\u012btajiem noteikumiem un nosac\u012bjumiem k\u0101 ar\u012b Priv\u0101tuma Politikai.<\/p>\n<h2>Att\u0113li<\/h2>\n<p>Fotogr\u0101fijas atspogu\u013co objektus t\u0101dus, k\u0101di tie ir bildes uz\u0146em\u0161anas br\u012bd\u012b. Plat\u012bbas, izm\u0113ri un att\u0101lumi ir aptuveni. Jebkura datorgrafika un vizualiz\u0101cijas sniedz ieskatu tam, k\u0101 objekts var\u0113tu izskat\u012bties un tas var tikt izmain\u012bts jebkur\u0101 br\u012bd\u012b.<\/p>\n<h2>Pazi\u0146ojums par autorties\u012bb\u0101m<\/h2>\n<p>\u0160\u012b m\u0101jas lapa un t\u0101s saturs pieder Salienai. Ja nav nor\u0101d\u012bts sav\u0101d\u0101k, visa inform\u0101cija, kas izvietota Salienas m\u0101jas lap\u0101 (teksti, bildes, pre\u010du z\u012bmes, utt.) ir aizsarg\u0101ta saska\u0146\u0101 ar Latvijas Republikas intelektu\u0101l\u0101 \u012bpa\u0161uma normat\u012bvajiem un ties\u012bbu aktiem, un pieder Salienai. J\u016bs nedr\u012bkstat lejupiel\u0101d\u0113t, atspogu\u013cot, druk\u0101t vai pavairot jebkuru \u0161\u012bs m\u0101jas lapas satura da\u013cu, iz\u0146emot uz sava person\u012bg\u0101 datora person\u012bgai lieto\u0161anai, bet ne komerci\u0101liem m\u0113r\u0137iem.<br \/>\nJums nav at\u013cauts jebk\u0101d\u0101 veid\u0101 izmain\u012bt \u0161\u012bs m\u0101jas lapas satura da\u013cas mainot t\u0101s r\u0101mjus vai veidojot spogu\u013catt\u0113lus.<\/p>\n<h2>Saites<\/h2>\n<p>Saites \u0161aj\u0101 m\u0101jas lap\u0101 var p\u0101rvest uz serveriem, kurus p\u0101rvalda priv\u0101tpersonas vai juridiskas personas, kur\u0101m nav nek\u0101du saist\u012bbu ar Salienu. Saliena nedod nek\u0101das garantijas par precizit\u0101ti, aktualit\u0101ti, noder\u012bgumu vai jebkuru citu aspektu attiec\u012bb\u0101 uz inform\u0101ciju, kas izvietota \u0161\u0101dos serveros.<\/p>\n<p>Ja J\u016bs izvietojat saiti uz m\u016bsu m\u0101jas lapu, tad, p\u0113c m\u016bsu ieskatiem, m\u0113s varam jebkur\u0101 laik\u0101 piepras\u012bt saiti no\u0146emt.<\/p>\n<h2>Normat\u012bvie un ties\u012bbu akti<\/h2>\n<p>Jebkuri noteikumi, kas skar \u0161\u012bs m\u0101jas lapas  izmanto\u0161anu, tiek regul\u0113ti ar Latvijas Republikas likumiem, un jebkur\u0161 str\u012bds, kas skar dot\u0101s m\u0101jas lapas izmanto\u0161anu, tiks izskat\u012bts Latvijas ties\u0101s.<\/p>\n","protected":false},"excerpt":{"rendered":"<p>M\u0101jas lapas lieto\u0161anas noteikumi \u0160\u012b m\u0101jas lapa tiek p\u0101rvald\u012bta un ir Saliena SIA \u012bpa\u0161ums (re\u0123istr\u0113ta Latvij\u0101 ar re\u0123.nr. 40203032871) tirg\u016b paz\u012bstama ar z\u012bmolu Saliena. Ja j\u016bs izmantojat \u0161o m\u0101jas lapu, j\u016bs piekr\u012btat \u0161eit nor\u0101d\u012btajiem noteikumiem un nosac\u012bjumiem k\u0101 ar\u012b Priv\u0101tuma Politikai. Att\u0113li Fotogr\u0101fijas atspogu\u013co objektus t\u0101dus, k\u0101di tie ir bildes uz\u0146em\u0161anas br\u012bd\u012b. Plat\u012bbas, izm\u0113ri un [&hellip;]<\/p>\n","protected":false},"author":1,"featured_media":0,"parent":0,"menu_order":0,"comment_status":"closed","ping_status":"closed","template":"","meta":{"_acf_changed":false,"inline_featured_image":false,"footnotes":""},"class_list":["post-193","page","type-page","status-publish","hentry"],"acf":[],"yoast_head":"<!-- This site is optimized with the Yoast SEO plugin v25.1 - https:\/\/yoast.com\/wordpress\/plugins\/seo\/ -->\n<title>Noteikumi | Saliena<\/title>\n<meta name=\"description\" content=\"This website is owned &amp; controlled by Saliena Development SIA. By using this site you agree to the terms and conditions set out on this page.\" \/>\n<meta name=\"robots\" content=\"index, follow, max-snippet:-1, max-image-preview:large, max-video-preview:-1\" \/>\n<link rel=\"canonical\" href=\"https:\/\/www.saliena.eu\/terms-and-conditions\/\" \/>\n<meta property=\"og:locale\" content=\"lv_LV\" \/>\n<meta property=\"og:type\" content=\"article\" \/>\n<meta property=\"og:title\" content=\"Noteikumi\" \/>\n<meta property=\"og:description\" content=\"This website is owned &amp; controlled by Saliena Development SIA. By using this site you agree to the terms and conditions set out on this page.\" \/>\n<meta property=\"og:url\" content=\"https:\/\/www.saliena.eu\/terms-and-conditions\/\" \/>\n<meta property=\"og:site_name\" content=\"Saliena\" \/>\n<meta property=\"article:modified_time\" content=\"2021-04-14T11:26:22+00:00\" \/>\n<meta name=\"twitter:card\" content=\"summary_large_image\" \/>\n<meta name=\"twitter:label1\" content=\"Est. reading time\" \/>\n\t<meta name=\"twitter:data1\" content=\"3 min\u016btes\" \/>\n<script type=\"application\/ld+json\" class=\"yoast-schema-graph\">{\"@context\":\"https:\/\/schema.org\",\"@graph\":[{\"@type\":\"WebPage\",\"@id\":\"https:\/\/www.saliena.eu\/terms-and-conditions\/\",\"url\":\"https:\/\/www.saliena.eu\/terms-and-conditions\/\",\"name\":\"[:en]Terms and Conditions[:lv]Noteikumi[:ru]\u0423\u0441\u043b\u043e\u0432\u0438\u044f[:] | Saliena\",\"isPartOf\":{\"@id\":\"https:\/\/www.saliena.eu\/#website\"},\"datePublished\":\"2020-10-23T11:33:01+00:00\",\"dateModified\":\"2021-04-14T11:26:22+00:00\",\"description\":\"This website is owned & controlled by Saliena Development SIA. By using this site you agree to the terms and conditions set out on this page.\",\"breadcrumb\":{\"@id\":\"https:\/\/www.saliena.eu\/terms-and-conditions\/#breadcrumb\"},\"inLanguage\":\"lv\",\"potentialAction\":[{\"@type\":\"ReadAction\",\"target\":[\"https:\/\/www.saliena.eu\/terms-and-conditions\/\"]}]},{\"@type\":\"BreadcrumbList\",\"@id\":\"https:\/\/www.saliena.eu\/terms-and-conditions\/#breadcrumb\",\"itemListElement\":[{\"@type\":\"ListItem\",\"position\":1,\"name\":\"Home\",\"item\":\"https:\/\/www.saliena.eu\/ru\/\"},{\"@type\":\"ListItem\",\"position\":2,\"name\":\"Terms and Conditions\"}]},{\"@type\":\"WebSite\",\"@id\":\"https:\/\/www.saliena.eu\/#website\",\"url\":\"https:\/\/www.saliena.eu\/\",\"name\":\"Saliena\",\"description\":\"Villa & Apartment Purchases & Rentals in Saliena, Latvia\",\"potentialAction\":[{\"@type\":\"SearchAction\",\"target\":{\"@type\":\"EntryPoint\",\"urlTemplate\":\"https:\/\/www.saliena.eu\/?s={search_term_string}\"},\"query-input\":{\"@type\":\"PropertyValueSpecification\",\"valueRequired\":true,\"valueName\":\"search_term_string\"}}],\"inLanguage\":\"lv\"}]}<\/script>\n<!-- \/ Yoast SEO plugin. -->","yoast_head_json":{"title":"Noteikumi | Saliena","description":"This website is owned & controlled by Saliena Development SIA. By using this site you agree to the terms and conditions set out on this page.","robots":{"index":"index","follow":"follow","max-snippet":"max-snippet:-1","max-image-preview":"max-image-preview:large","max-video-preview":"max-video-preview:-1"},"canonical":"https:\/\/www.saliena.eu\/terms-and-conditions\/","og_locale":"lv_LV","og_type":"article","og_title":"[:en]Terms and Conditions[:lv]Noteikumi[:ru]\u0423\u0441\u043b\u043e\u0432\u0438\u044f[:] | Saliena","og_description":"This website is owned & controlled by Saliena Development SIA. By using this site you agree to the terms and conditions set out on this page.","og_url":"https:\/\/www.saliena.eu\/terms-and-conditions\/","og_site_name":"Saliena","article_modified_time":"2021-04-14T11:26:22+00:00","twitter_card":"summary_large_image","twitter_misc":{"Est. reading time":"3 min\u016btes"},"schema":{"@context":"https:\/\/schema.org","@graph":[{"@type":"WebPage","@id":"https:\/\/www.saliena.eu\/terms-and-conditions\/","url":"https:\/\/www.saliena.eu\/terms-and-conditions\/","name":"[:en]Terms and Conditions[:lv]Noteikumi[:ru]\u0423\u0441\u043b\u043e\u0432\u0438\u044f[:] | Saliena","isPartOf":{"@id":"https:\/\/www.saliena.eu\/#website"},"datePublished":"2020-10-23T11:33:01+00:00","dateModified":"2021-04-14T11:26:22+00:00","description":"This website is owned & controlled by Saliena Development SIA. By using this site you agree to the terms and conditions set out on this page.","breadcrumb":{"@id":"https:\/\/www.saliena.eu\/terms-and-conditions\/#breadcrumb"},"inLanguage":"lv","potentialAction":[{"@type":"ReadAction","target":["https:\/\/www.saliena.eu\/terms-and-conditions\/"]}]},{"@type":"BreadcrumbList","@id":"https:\/\/www.saliena.eu\/terms-and-conditions\/#breadcrumb","itemListElement":[{"@type":"ListItem","position":1,"name":"Home","item":"https:\/\/www.saliena.eu\/ru\/"},{"@type":"ListItem","position":2,"name":"Terms and Conditions"}]},{"@type":"WebSite","@id":"https:\/\/www.saliena.eu\/#website","url":"https:\/\/www.saliena.eu\/","name":"Saliena","description":"Villa & Apartment Purchases & Rentals in Saliena, Latvia","potentialAction":[{"@type":"SearchAction","target":{"@type":"EntryPoint","urlTemplate":"https:\/\/www.saliena.eu\/?s={search_term_string}"},"query-input":{"@type":"PropertyValueSpecification","valueRequired":true,"valueName":"search_term_string"}}],"inLanguage":"lv"}]}},"_links":{"self":[{"href":"https:\/\/dev.saliena.eu\/lv\/wp-json\/wp\/v2\/pages\/193","targetHints":{"allow":["GET"]}}],"collection":[{"href":"https:\/\/dev.saliena.eu\/lv\/wp-json\/wp\/v2\/pages"}],"about":[{"href":"https:\/\/dev.saliena.eu\/lv\/wp-json\/wp\/v2\/types\/page"}],"author":[{"embeddable":true,"href":"https:\/\/dev.saliena.eu\/lv\/wp-json\/wp\/v2\/users\/1"}],"replies":[{"embeddable":true,"href":"https:\/\/dev.saliena.eu\/lv\/wp-json\/wp\/v2\/comments?post=193"}],"version-history":[{"count":30,"href":"https:\/\/dev.saliena.eu\/lv\/wp-json\/wp\/v2\/pages\/193\/revisions"}],"predecessor-version":[{"id":2329,"href":"https:\/\/dev.saliena.eu\/lv\/wp-json\/wp\/v2\/pages\/193\/revisions\/2329"}],"wp:attachment":[{"href":"https:\/\/dev.saliena.eu\/lv\/wp-json\/wp\/v2\/media?parent=193"}],"curies":[{"name":"wp","href":"https:\/\/api.w.org\/{rel}","templated":true}]}}