{"id":3,"date":"2020-10-21T11:53:34","date_gmt":"2020-10-21T11:53:34","guid":{"rendered":"http:\/\/saliena.test\/?page_id=3"},"modified":"2022-11-30T16:01:10","modified_gmt":"2022-11-30T16:01:10","slug":"privacy-policy","status":"publish","type":"page","link":"https:\/\/dev.saliena.eu\/lv\/privacy-policy\/","title":{"rendered":"Priv\u0101tuma Politika"},"content":{"rendered":"<p>Horizons M SIA (Re\u0123. Nr. 40203419171) (turpm\u0101k tekst\u0101 &#8211; Horizons M) ir personas datu p\u0101rzinis.<br \/>\nPersonas datu apstr\u0101de tiek veikta saska\u0146\u0101 ar Eiropas Parlamenta un Padomes 2016. gada 27. apr\u012b\u013ca Regulu Nr. 2016\/679 par fizisku personu aizsardz\u012bbu attiec\u012bb\u0101 uz personas datu apstr\u0101di un \u0161\u0101du datu br\u012bvu apriti (Visp\u0101r\u012bg\u0101 Datu Aizsardz\u012bbas Regula) (turpm\u0101k tekst\u0101 \u2013 VDAR), k\u0101 ar\u012b citiem Latvijas Republik\u0101 sp\u0113k\u0101 eso\u0161ajiem normat\u012bviem aktiem, kuri regul\u0113 personas datu apstr\u0101di.<\/p>\n<h4>Horizons M kontaktinform\u0101cija:<\/h4>\n<p>&#8211; Juridisk\u0101 adrese: Salienas iela 4, Pi\u0146\u0137i, Bab\u012btes pagasts, Bab\u012btes novads, LV-2107, Latvija<br \/>\n&#8211; e-pasts: inbox@saliena.eu<br \/>\n&#8211; t\u0101lrunis: +371 6714 6321<\/p>\n<h4>K\u0101dus personas datus Horizons M ieg\u016bst:<\/h4>\n<p>&#8211; Personu identific\u0113jo\u0161a inform\u0101cija: v\u0101rds, uzv\u0101rds, e-pasta adrese, t\u0101lru\u0146a numurs, adrese, personas kods, pases numurs (ja nepiecie\u0161ams), bankas konta inform\u0101cija (ja nepiecie\u0161ams).<br \/>\n&#8211; Dro\u0161\u012bbas nol\u016bkos Horizons M teritorij\u0101 tiek veikta video nov\u0113ro\u0161ana.<br \/>\n&#8211; Personas dati no pieejamiem publiskajiem re\u0123istriem, piem\u0113r\u0101m, Zemesgr\u0101matas, maks\u0101tnesp\u0113jas re\u0123istra, kred\u012btinform\u0101cijas re\u0123istra, ko izmantojam, piem\u0113ram, lai noform\u0113tu\/izpild\u012btu dar\u012bjumu ar datu subjektu\/klientu (turpm\u0101k \u2013 J\u016bs).<\/p>\n<h4>K\u0101 Horizons M ieg\u016bst personas datus:<\/h4>\n<p>Visi personas dati, kurus ieg\u016bst Horizons M, tiek ieg\u016bti tie\u0161i no Jums.<\/p>\n<h4>Personas dati tiek ieg\u016bti un apstr\u0101d\u0101ti tad, kad:<\/h4>\n<p>&#8211; J\u016bs sazin\u0101ties ar Horizons M lai ieg\u016btu k\u0101du no produktiem vai pakalpojumiem;<br \/>\n&#8211; J\u016bs v\u0113laties nosl\u0113gt ar Horizons M dar\u012bjumu par k\u0101du no produktiem vai pakalpojumiem;<br \/>\n&#8211; J\u016bs l\u016bdzat, lai Horizons M nodro\u0161ina Jums k\u0101dus papildus pakalpojumus kura izpild\u012b\u0161anai nepiecie\u0161ami J\u016bsu personas dati;<br \/>\n&#8211; Horizons M J\u016bsu personas datus izmanto, lai pilnveidotu savu produktu un pakalpojumu kvalit\u0101ti, veicot Horizons M klientu aptaujas un biznesa datu anal\u012bzes;<br \/>\n&#8211; Potenci\u0101ls darbinieks ats\u016bta savu CV un Motiv\u0101cijas v\u0113stuli;<br \/>\n&#8211; Darbinieks v\u0113las nosl\u0113gt darba tiesisk\u0101s attiec\u012bbas;<\/p>\n<h4>K\u0101d\u0113\u013c Horizons M nepiecie\u0161ami J\u016bsu personas dati:<\/h4>\n<p>&#8211; Lai komunic\u0113tu ar Jums;<br \/>\n&#8211; Apstr\u0101d\u0101\u0161anu pieprasa Juridisks pien\u0101kums;<br \/>\n&#8211; Dar\u012bjuma attiec\u012bbas at\u013cauj veikt personas datu apstr\u0101di m\u0113r\u0137iem, kuri nav nor\u0101d\u012bti \u0161aj\u0101 Priv\u0101tuma Politik\u0101;<br \/>\n&#8211; J\u016bs esat devis savu piekri\u0161anu noteiktiem personas datu apstr\u0101des m\u0113r\u0137iem.<\/p>\n<p>\u0160aj\u0101 Priv\u0101tuma Politik\u0101 nor\u0101d\u012bto datu apstr\u0101des m\u0113r\u0137u uzskait\u012bjums nav visaptvero\u0161s, jo J\u016bsu personas dati var tikt apstr\u0101d\u0101ti ar\u012b citiem Priv\u0101tuma Politik\u0101 nemin\u0113tiem m\u0113r\u0137iem, bet tie ietilpst Horizons M le\u0123it\u012bmaj\u0101s interes\u0113s saska\u0146\u0101 ar VDAR un citiem normat\u012bviem aktiem.<\/p>\n<h4>K\u0101 Horizons M izmanto personas datus:<br \/>\nPersonas dati tiek apstr\u0101d\u0101ti sekojo\u0161ajiem m\u0113r\u0137iem:<\/h4>\n<p>&#8211; Lai apstr\u0101d\u0101tu J\u016bsu pras\u012bbu;<br \/>\n&#8211; Lai nodro\u0161in\u0101tu Jums pakalpojumu vai produktu;<br \/>\n&#8211; Lai nodro\u0161in\u0101tu nekustam\u0101 \u012bpa\u0161uma pakalpojumus (p\u0101rdo\u0161ana, \u012bre, noma, b\u016bv\u0113\u0161ana, p\u0101rvald\u012b\u0161ana, uztur\u0113\u0161ana, dro\u0161\u012bba, utt.);<br \/>\n&#8211; Lai komunic\u0113tu ar Jums;<br \/>\n&#8211; Lai p\u0101rst\u0101v\u0113tu J\u016bs valsts vai pa\u0161vald\u012bbas iest\u0101d\u0113s p\u0113c J\u016bsu piepras\u012bjuma;<\/p>\n<h4>Horizons M dr\u012bkst izpaust J\u016bsu personas datus cit\u0101m juridisk\u0101m person\u0101m, ja tas nepiecie\u0161ams pakalpojumu nodro\u0161in\u0101\u0161anai; Personas dati var tikt izpausti:<\/h4>\n<p>&#8211; Horizons M grupas sabiedr\u012bb\u0101m;<br \/>\n&#8211; Pieg\u0101d\u0101t\u0101jiem, partneriem, pakalpojumu sniedz\u0113jiem, apak\u0161uz\u0146\u0113m\u0113jiem;<br \/>\n&#8211; Tre\u0161aj\u0101m pus\u0113m (balstoties uz J\u016bsu piekri\u0161anu vai pras\u012bbu).<\/p>\n<h4>K\u0101 Horizons M glab\u0101 personas datus:<\/h4>\n<p>Horizons M dro\u0161i glab\u0101 J\u016bsu personas datus Latvijas Republik\u0101. Nek\u0101di J\u016bsu personas dati netiek nos\u016bt\u012bti, glab\u0101ti vai jebk\u0101d\u0101 veid\u0101 apstr\u0101d\u0101ti tre\u0161aj\u0101s valst\u012bs.<\/p>\n<p>Horizons M izmato atbilsto\u0161as dro\u0161\u012bbas un organizatorisk\u0101s metodes un nodro\u0161ina, ka tikai darbiniekiem, kuriem ir atbilsto\u0161s pilnvarojums, ir piek\u013cuve J\u016bsu personas datiem. Visi Horizons M darbinieki ir pak\u013cauti striktai konfidencialit\u0101tes politikai.<\/p>\n<p>J\u016bsu personas dati tiek glab\u0101ti tikai tik ilgi, kam\u0113r Horizons M ar Jums vai t\u0101s darbinieku past\u0101v l\u012bgumiskas vai cita veida saist\u012bbas, vai cits juridisks pien\u0101kums. Ar \u0161o saist\u012bbu izbeig\u0161anos, visi J\u016bsu personas dati tiek atbilsto\u0161i izdz\u0113sti, ja vien piem\u0113rojamie normat\u012bvie ties\u012bbu akti nepieprasa sav\u0101d\u0101k.<\/p>\n<h4>Var past\u0101v\u0113t ar\u012b citi iemesli, lai glab\u0101tu J\u016bsu personas datus:<\/h4>\n<p>&#8211; J\u016bs esat devis savu piekri\u0161anu;<br \/>\n&#8211; J\u016bsu personas datu glab\u0101\u0161anu pieprasa juridisks pien\u0101kums;<br \/>\n&#8211; Horizons M ir le\u0123it\u012bma interese glab\u0101t J\u016bsu personas datus.<\/p>\n<h4>M\u0101rketings:<\/h4>\n<p>Horizons M un t\u0101s grupas sabiedr\u012bbas v\u0113las Jums s\u016bt\u012bt inform\u0101ciju par t\u0101s pied\u0101v\u0101jumiem vai produktiem, kas Jums var\u0113tu patikt. Tas atbilst Horizons M le\u0123it\u012bmaj\u0101m interes\u0113m.<\/p>\n<p>J\u016bs jebkur\u0101 laik\u0101 dr\u012bkstat atsaukt J\u016bsu piekri\u0161anu m\u0101rketinga inform\u0101cijas sa\u0146em\u0161anai.<br \/>\nJ\u016bs jebkur\u0101 br\u012bd\u012b dr\u012bkstat piepras\u012bt, ka Horizons M vairs Jums nes\u016bta rekl\u0101mas &#8211; pied\u0101v\u0101jumus.<br \/>\nLai piepras\u012btu, ka Jums vairs netiek s\u016bt\u012bti m\u0101rketinga un\/vai rekl\u0101mas -pied\u0101v\u0101jumi, aicin\u0101m rakst\u012bt uz inbox@saliena.eu.<\/p>\n<h4>K\u0101das ir J\u016bsu personas datu aizsardz\u012bbas ties\u012bbas:<\/h4>\n<h5>Piek\u013cuves ties\u012bbas:<\/h5>\n<p>Jums ir ties\u012bbas piepras\u012bt no Horizons M kopijas ar J\u016bsu personas datiem. Par to var tikt pras\u012bta samaksa;<\/p>\n<h5>Ties\u012bbas labot:<\/h5>\n<p>Jums ir ties\u012bbas pras\u012bt, lai J\u016bsu pr\u0101t nepatiesa inform\u0101cija par Jums, vai inform\u0101cija, kura laika gait\u0101 ir main\u012bjusies, tiktu labota. Papildus, ja inform\u0101cija ir nepiln\u012bga, Jums ir ties\u012bbas pras\u012bt, lai t\u0101 tiktu papildin\u0101ta;<\/p>\n<h5>Ties\u012bbas uz dz\u0113\u0161anu (tikt aizmirstam):<\/h5>\n<p>Jums ir ties\u012bbas pras\u012bt, lai Horizons M izdz\u0113\u0161 visus J\u016bsu personas datus, kas tiek glab\u0101ti. Past\u0101v attiec\u012bgi iz\u0146\u0113mumi;<\/p>\n<h5>Ties\u012bbas ierobe\u017eot apstr\u0101di:<\/h5>\n<p>Jums ir ties\u012bbas pras\u012bt, lai Horizons M ierobe\u017eo J\u016bsu personas datu apstr\u0101di. Past\u0101v attiec\u012bgi iz\u0146\u0113mumi;<\/p>\n<h5>Ties\u012bbas iebilst:<\/h5>\n<p>Jums ir ties\u012bbas iebilst pret to, ka Horizons M apstr\u0101d\u0101 J\u016bsu personas datus. Past\u0101v attiec\u012bgi iz\u0146\u0113mumi;<\/p>\n<h5>Ties\u012bbas uz datu p\u0101rnesam\u012bbu:<\/h5>\n<p>Jums ir ties\u012bbas pras\u012bt, lai Horizons M J\u016bsu personas datus nodod Jums vai k\u0101dai citai J\u016bsu nor\u0101d\u012btai organiz\u0101cijai. Past\u0101v attiec\u012bgi iz\u0146\u0113mumi;<\/p>\n<h5>Ties\u012bbas iesniegt s\u016bdz\u012bbu:<\/h5>\n<p>Jums ir ties\u012bbas iesniegt s\u016bdz\u012bbu Datu Valsts Inspekcijai, ja uzskat\u0101t, ka Horizons M ir p\u0101rk\u0101pusi k\u0101du no J\u016bsu ties\u012bb\u0101m personas datu apstr\u0101des jaut\u0101jumos. Vair\u0101k varat uzzin\u0101t \u0161eit: www.dvi.gov.lv<\/p>\n<p>Iev\u0113r\u012bbai: \u0160\u012b Priv\u0101tuma Politika neattiecas uz cit\u0101m m\u0101jas lap\u0101m, kur\u0101m varat piek\u013c\u016bt caur \u0161eit nor\u0101d\u012btaj\u0101m sait\u0113m. Aicin\u0101m J\u016bs iepaz\u012bties ar to atbilsto\u0161aj\u0101m politik\u0101m.<\/p>\n<p>Ja J\u016bs nos\u016btat piepras\u012bjumu, vai v\u0113laties izmantot k\u0101du no J\u016bsu ties\u012bb\u0101m attiec\u012bb\u0101 uz J\u016bsu personas datu aizsardz\u012bbu, Horizons M ir 1 (viens) m\u0113nesis laika sniegt Jums atbildi.<br \/>\nPras\u012bbas un jaut\u0101jumus varat s\u016bt\u012bt uz: inbox@saliena.eu<\/p>\n<h4>Profil\u0113\u0161ana:<\/h4>\n<p>metode, kur\u0101 tiek pielietota automatiz\u0113ta l\u0113mumu pie\u0146em\u0161ana par datu subjektu, kurus neietekm\u0113 fiziskas personas. Horizons M nepielieto profil\u0113\u0161anu l\u0113mumu pie\u0146em\u0161anai.<\/p>\n<h4>S\u012bkfaili (cookies)<\/h4>\n<p>S\u012bkfaili (s\u012bkdatnes) ir nelieli teksta faili, kas, Jums apmekl\u0113jot Horizons M t\u012bmek\u013cvietni, tiek saglab\u0101ti J\u016bsu ier\u012bc\u0113. \u0160ie s\u012bkfaili sav\u0101c standarta inform\u0101ciju, kura atrodas interneta log datn\u0113s un inform\u0101ciju par t\u012bmek\u013cvietnes visbie\u017e\u0101k apmekl\u0113taj\u0101m sada\u013c\u0101m, lai uzlabotu apmekl\u0113t\u0101ju pieredzi.<\/p>\n<p>Cik ilgi s\u012bkfaili tiek uzglab\u0101ti J\u016bsu ier\u012bc\u0113 ir atkar\u012bgs to katra s\u012bkfaila form\u0101ta. Da\u017ei s\u012bkfaili paz\u016bd br\u012bd\u012b, kad J\u016bs aizverat t\u012bmek\u013cvietni, citi var palikt ilg\u0101k un paz\u016bd br\u012bd\u012b, kad tie tiek izdz\u0113sti vai beidzas to darb\u012bbas termi\u0146\u0161.<\/p>\n<p>Kad apmekl\u0113jat Horizons M t\u012bmek\u013cvietni, inform\u0101cija par Jums tiek sav\u0101kta autom\u0101tiski &#8211; caur s\u012bkfailiem vai cit\u0101m, l\u012bdz\u012bg\u0101m tehnolo\u0123ij\u0101m.<\/p>\n<p>Nek\u0101da personu identific\u0113jo\u0161a inform\u0101cija par Horizons M t\u012bmek\u013cvietnes apmekl\u0113t\u0101ju netiek sav\u0101kta. Horizons M nezin, kas apmekl\u0113 Horizons M t\u012bmek\u013cvietni.<br \/>\nVair\u0101k par s\u012bkfailiem varat uzzin\u0101t \u0161eit:<br \/>\nhttp:\/\/www.allaboutcookies.org\/<\/p>\n<p>J\u016bs varat atsp\u0113jot s\u012bkfailus savas p\u0101rl\u016bkprogrammas iestat\u012bjumos, ta\u010du, ja da\u017ei funkcion\u0101lie s\u012bkfaili ir atsp\u0113joti, da\u017eas t\u012bmek\u013cvietnes funkcijas var b\u016bt trauc\u0113tas.<\/p>\n<h4>K\u0101 Horizons M izmanto s\u012bkfailus:<\/h4>\n<h5>Funkcionalit\u0101te:<\/h5>\n<p>Horizons M izmanto s\u012bkfailus, lai atpaz\u012btu atk\u0101rtotus t\u012bmek\u013cvietnes apmekl\u0113t\u0101jus un saglab\u0101tu izv\u0113l\u0113tos uzst\u0101d\u012bjumus, piem\u0113ram valodu un atra\u0161an\u0101s vietu. Tiek izmantoti gan pirm\u0101s, gan tre\u0161o personu s\u012bkfaili.<\/p>\n<h5>Reklam\u0113\u0161ana:<\/h5>\n<p>Horizons M izmanto s\u012bkfailus, lai uzkr\u0101tu inform\u0101ciju par aktivit\u0101t\u0113m ko J\u016bs veicat, kad apmekl\u0113jat Horizons M m\u0101jas lapu. Tiek uzkr\u0101ta inform\u0101cija par to, k\u0101da inform\u0101cija tika apskat\u012bta, k\u0101da ier\u012bce tika izmantota, k\u0101da p\u0101rl\u016bkprogramma, IP adrese.<br \/>\nDa\u017ereiz neliels daudzums \u0161\u012bs inform\u0101cijas var tikt nodots tre\u0161aj\u0101m pus\u0113m, lai nodro\u0161in\u0101tu rekl\u0101mas-pakalpojumus.<br \/>\nInform\u0101cija par to, k\u0101di s\u012bkfaili var b\u016bt saglab\u0101ti J\u016bsu ier\u012bc\u0113 atrodas zem\u0101k. \u0160ie s\u012bkfaili ir t\u012bmek\u013cvietnes neat\u0146emama sast\u0101vda\u013ca.<\/p>\n<p>M\u0113s izmantojam ar\u012b tre\u0161\u0101s puses s\u012bkfailus (aprakst\u012bti zem\u0101k). \u0160ie s\u012bkfaili nav t\u012bmek\u013cvietnes pakalpojumu neat\u0146emama sast\u0101vda\u013ca un tos J\u016bs varat atsp\u0113jot savas p\u0101rl\u016bkprogrammas iestat\u012bjumos.<\/p>\n<h4>S\u012bkfaili kurus izmanto Horizons M:<\/h4>\n<p>&#8211; PHPSESSID<br \/>\nSatur tikai nor\u0101di uz t\u012bmek\u013ca server\u012b saglab\u0101tu sesiju. Nek\u0101da inform\u0101cija lietot\u0101ja p\u0101rl\u016bkprogramm\u0101 netiek uzglab\u0101ta, un \u0161o s\u012bkfailu var lietot tikai pa\u0161reiz\u0113j\u0101 t\u012bmek\u013cvietne.<br \/>\n&#8211; dvc_no_c_warning<br \/>\nTie lietots, lai noteiktu laiku, cik ilgi lietot\u0101js skata t\u012bmek\u013cvietni, un p\u0113c tam par\u0101d\u012btu uznirsto\u0161u logu.<br \/>\n&#8211; visits_count<br \/>\nLieto, lai noteiktu t\u012bmek\u013cvietnes apmekl\u0113t\u0101ju skaitu<\/p>\n<h4>Tre\u0161o personu s\u012bkfaili.<\/h4>\n<p>&#8211; fbp<br \/>\nNodro\u0161ina: \u201cFacebook Pixel\u201d<br \/>\nIzmanto Facebook, lai pieg\u0101d\u0101tu virkni rekl\u0101mas produktu, piem\u0113ram, re\u0101llaika rekl\u0101mas atspogu\u013co\u0161anu no tre\u0161o pu\u0161u rekl\u0101mdev\u0113jiem<br \/>\nPapildu inform\u0101ciju par \u201cFacebook Pixel\u201d skatiet \u0161eit: https:\/\/en-gb.facebook.com\/business\/help\/651294705016616<br \/>\n&#8211; ga _gid:<br \/>\nNodro\u0161ina \u201cGoogle Analytics\u201d<br \/>\nLieto lai at\u0161\u0137irtu lietot\u0101jus.<br \/>\n_ga darbojas 2 gadus,<br \/>\n_gid darbojas 24 stundas.<br \/>\nPapildu inform\u0101ciju par \u201cGoogle Analytics\u201d skatiet \u0161eit: https:\/\/developers.google.com\/analytics\/devguides\/collection\/analyticsjs\/cookie-usage<br \/>\n&#8211; ym_d<br \/>\nNodro\u0161ina \u201cYandex.Metrica\u201d<br \/>\nLieto, lai noteiktu lietot\u0101ja pirm\u0101s sesijas datumu.<br \/>\nPapildu inform\u0101ciju par \u201cYandex.Metrica\u201d skatiet \u0161eit: https:\/\/yandex.com\/support\/metrica\/general\/cookie-usage.html<\/p>\n<p>_ym_isad<br \/>\nNodro\u0161ina \u201cYandex.Metrica\u201d<br \/>\nLieto, lai noteiktu, vai apmekl\u0113t\u0101jam ir rekl\u0101mu blo\u0137\u0113t\u0101ji.<br \/>\nPapildu inform\u0101ciju par \u201cYandex.Metrica\u201d skatiet \u0161eit: https:\/\/yandex.com\/support\/metrica\/general\/cookie-usage.html<\/p>\n<p>&#8211; ym_uid<br \/>\nNodro\u0161ina \u201cYandex.Metrica\u201d<br \/>\nLieto lai identific\u0113tu t\u012bmek\u013cvietnes lietot\u0101ju.<br \/>\nPapildu inform\u0101ciju par \u201cYandex. Metrica\u201d skat\u012bt \u0161eit:<br \/>\nhttps:\/\/yandex.com\/support\/metrica\/general\/cookie-usage.html<\/p>\n<p>Ja Jums rodas k\u0101di jaut\u0101jumi par Horizons M veikto personas datu apstr\u0101di, l\u016bdzu raksiet v\u0113stuli uz m\u016bsu e-pasta adresi:<br \/>\ninbox@saliena.eu<\/p>\n<p>Horizons M regul\u0101ri atjauno savu Priv\u0101tuma Politiku un jaun\u0101s redakcijas public\u0113 m\u0101jas lap\u0101.<br \/>\n\u0160\u012b Priv\u0101tuma Politika p\u0113d\u0113jo reizi atjaunota 2022. gada 01. novembr\u012b.<\/p>\n","protected":false},"excerpt":{"rendered":"<p>Horizons M SIA (Re\u0123. Nr. 40203419171) (turpm\u0101k tekst\u0101 &#8211; Horizons M) ir personas datu p\u0101rzinis. Personas datu apstr\u0101de tiek veikta saska\u0146\u0101 ar Eiropas Parlamenta un Padomes 2016. gada 27. apr\u012b\u013ca Regulu Nr. 2016\/679 par fizisku personu aizsardz\u012bbu attiec\u012bb\u0101 uz personas datu apstr\u0101di un \u0161\u0101du datu br\u012bvu apriti (Visp\u0101r\u012bg\u0101 Datu Aizsardz\u012bbas Regula) (turpm\u0101k tekst\u0101 \u2013 VDAR), [&hellip;]<\/p>\n","protected":false},"author":1,"featured_media":0,"parent":0,"menu_order":0,"comment_status":"closed","ping_status":"open","template":"","meta":{"_acf_changed":false,"inline_featured_image":false,"footnotes":""},"class_list":["post-3","page","type-page","status-publish","hentry"],"acf":[],"yoast_head":"<!-- This site is optimized with the Yoast SEO plugin v25.1 - https:\/\/yoast.com\/wordpress\/plugins\/seo\/ -->\n<title>Priv\u0101tuma Politika | Saliena<\/title>\n<meta name=\"description\" content=\"Please read our Privacy Policy if you have any queries about how our website collects and uses your personal data, browser usage or cookies.\" \/>\n<meta name=\"robots\" content=\"index, follow, max-snippet:-1, max-image-preview:large, max-video-preview:-1\" \/>\n<link rel=\"canonical\" href=\"https:\/\/www.saliena.eu\/privacy-policy\/\" \/>\n<meta property=\"og:locale\" content=\"lv_LV\" \/>\n<meta property=\"og:type\" content=\"article\" \/>\n<meta property=\"og:title\" content=\"Priv\u0101tuma Politika\" \/>\n<meta property=\"og:description\" content=\"Please read our Privacy Policy if you have any queries about how our website collects and uses your personal data, browser usage or cookies.\" \/>\n<meta property=\"og:url\" content=\"https:\/\/www.saliena.eu\/privacy-policy\/\" \/>\n<meta property=\"og:site_name\" content=\"Saliena\" \/>\n<meta property=\"article:modified_time\" content=\"2022-11-30T16:01:10+00:00\" \/>\n<meta name=\"twitter:card\" content=\"summary_large_image\" \/>\n<meta name=\"twitter:label1\" content=\"Est. reading time\" \/>\n\t<meta name=\"twitter:data1\" content=\"9 min\u016btes\" \/>\n<script type=\"application\/ld+json\" class=\"yoast-schema-graph\">{\"@context\":\"https:\/\/schema.org\",\"@graph\":[{\"@type\":\"WebPage\",\"@id\":\"https:\/\/www.saliena.eu\/privacy-policy\/\",\"url\":\"https:\/\/www.saliena.eu\/privacy-policy\/\",\"name\":\"[:en][:en]Privacy Policy[:lv]Priv\u0101tuma Politika[:ru]\u041f\u043e\u043b\u0438\u0442\u0438\u043a\u0430 \u041a\u043e\u043d\u0444\u0438\u0434\u0435\u043d\u0446\u0438\u0430\u043b\u044c\u043d\u043e\u0441\u0442\u0438[:] | Saliena[:]\",\"isPartOf\":{\"@id\":\"https:\/\/www.saliena.eu\/#website\"},\"datePublished\":\"2020-10-21T11:53:34+00:00\",\"dateModified\":\"2022-11-30T16:01:10+00:00\",\"description\":\"[:en]Please read our Privacy Policy if you have any queries about how our website collects and uses your personal data, browser usage or cookies.[:]\",\"breadcrumb\":{\"@id\":\"https:\/\/www.saliena.eu\/privacy-policy\/#breadcrumb\"},\"inLanguage\":\"lv\",\"potentialAction\":[{\"@type\":\"ReadAction\",\"target\":[\"https:\/\/www.saliena.eu\/privacy-policy\/\"]}]},{\"@type\":\"BreadcrumbList\",\"@id\":\"https:\/\/www.saliena.eu\/privacy-policy\/#breadcrumb\",\"itemListElement\":[{\"@type\":\"ListItem\",\"position\":1,\"name\":\"Home\",\"item\":\"https:\/\/www.saliena.eu\/ru\/\"},{\"@type\":\"ListItem\",\"position\":2,\"name\":\"Privacy Policy\"}]},{\"@type\":\"WebSite\",\"@id\":\"https:\/\/www.saliena.eu\/#website\",\"url\":\"https:\/\/www.saliena.eu\/\",\"name\":\"Saliena\",\"description\":\"Villa & Apartment Purchases & Rentals in Saliena, Latvia\",\"potentialAction\":[{\"@type\":\"SearchAction\",\"target\":{\"@type\":\"EntryPoint\",\"urlTemplate\":\"https:\/\/www.saliena.eu\/?s={search_term_string}\"},\"query-input\":{\"@type\":\"PropertyValueSpecification\",\"valueRequired\":true,\"valueName\":\"search_term_string\"}}],\"inLanguage\":\"lv\"}]}<\/script>\n<!-- \/ Yoast SEO plugin. -->","yoast_head_json":{"title":"Priv\u0101tuma Politika | Saliena","description":"Please read our Privacy Policy if you have any queries about how our website collects and uses your personal data, browser usage or cookies.","robots":{"index":"index","follow":"follow","max-snippet":"max-snippet:-1","max-image-preview":"max-image-preview:large","max-video-preview":"max-video-preview:-1"},"canonical":"https:\/\/www.saliena.eu\/privacy-policy\/","og_locale":"lv_LV","og_type":"article","og_title":"[:en][:en]Privacy Policy[:lv]Priv\u0101tuma Politika[:ru]\u041f\u043e\u043b\u0438\u0442\u0438\u043a\u0430 \u041a\u043e\u043d\u0444\u0438\u0434\u0435\u043d\u0446\u0438\u0430\u043b\u044c\u043d\u043e\u0441\u0442\u0438[:] | Saliena[:]","og_description":"[:en]Please read our Privacy Policy if you have any queries about how our website collects and uses your personal data, browser usage or cookies.[:]","og_url":"https:\/\/www.saliena.eu\/privacy-policy\/","og_site_name":"Saliena","article_modified_time":"2022-11-30T16:01:10+00:00","twitter_card":"summary_large_image","twitter_misc":{"Est. reading time":"9 min\u016btes"},"schema":{"@context":"https:\/\/schema.org","@graph":[{"@type":"WebPage","@id":"https:\/\/www.saliena.eu\/privacy-policy\/","url":"https:\/\/www.saliena.eu\/privacy-policy\/","name":"[:en][:en]Privacy Policy[:lv]Priv\u0101tuma Politika[:ru]\u041f\u043e\u043b\u0438\u0442\u0438\u043a\u0430 \u041a\u043e\u043d\u0444\u0438\u0434\u0435\u043d\u0446\u0438\u0430\u043b\u044c\u043d\u043e\u0441\u0442\u0438[:] | Saliena[:]","isPartOf":{"@id":"https:\/\/www.saliena.eu\/#website"},"datePublished":"2020-10-21T11:53:34+00:00","dateModified":"2022-11-30T16:01:10+00:00","description":"[:en]Please read our Privacy Policy if you have any queries about how our website collects and uses your personal data, browser usage or cookies.[:]","breadcrumb":{"@id":"https:\/\/www.saliena.eu\/privacy-policy\/#breadcrumb"},"inLanguage":"lv","potentialAction":[{"@type":"ReadAction","target":["https:\/\/www.saliena.eu\/privacy-policy\/"]}]},{"@type":"BreadcrumbList","@id":"https:\/\/www.saliena.eu\/privacy-policy\/#breadcrumb","itemListElement":[{"@type":"ListItem","position":1,"name":"Home","item":"https:\/\/www.saliena.eu\/ru\/"},{"@type":"ListItem","position":2,"name":"Privacy Policy"}]},{"@type":"WebSite","@id":"https:\/\/www.saliena.eu\/#website","url":"https:\/\/www.saliena.eu\/","name":"Saliena","description":"Villa & Apartment Purchases & Rentals in Saliena, Latvia","potentialAction":[{"@type":"SearchAction","target":{"@type":"EntryPoint","urlTemplate":"https:\/\/www.saliena.eu\/?s={search_term_string}"},"query-input":{"@type":"PropertyValueSpecification","valueRequired":true,"valueName":"search_term_string"}}],"inLanguage":"lv"}]}},"_links":{"self":[{"href":"https:\/\/dev.saliena.eu\/lv\/wp-json\/wp\/v2\/pages\/3","targetHints":{"allow":["GET"]}}],"collection":[{"href":"https:\/\/dev.saliena.eu\/lv\/wp-json\/wp\/v2\/pages"}],"about":[{"href":"https:\/\/dev.saliena.eu\/lv\/wp-json\/wp\/v2\/types\/page"}],"author":[{"embeddable":true,"href":"https:\/\/dev.saliena.eu\/lv\/wp-json\/wp\/v2\/users\/1"}],"replies":[{"embeddable":true,"href":"https:\/\/dev.saliena.eu\/lv\/wp-json\/wp\/v2\/comments?post=3"}],"version-history":[{"count":50,"href":"https:\/\/dev.saliena.eu\/lv\/wp-json\/wp\/v2\/pages\/3\/revisions"}],"predecessor-version":[{"id":2671,"href":"https:\/\/dev.saliena.eu\/lv\/wp-json\/wp\/v2\/pages\/3\/revisions\/2671"}],"wp:attachment":[{"href":"https:\/\/dev.saliena.eu\/lv\/wp-json\/wp\/v2\/media?parent=3"}],"curies":[{"name":"wp","href":"https:\/\/api.w.org\/{rel}","templated":true}]}}